{"id":383,"date":"2022-11-04T18:59:18","date_gmt":"2022-11-04T18:59:18","guid":{"rendered":"https:\/\/elg-horses.com\/ueber-lisa-guggenberger\/"},"modified":"2025-09-15T09:38:20","modified_gmt":"2025-09-15T09:38:20","slug":"ueber-lisa-guggenberger","status":"publish","type":"page","link":"https:\/\/elg-horses.com\/de\/ueber-lisa-guggenberger\/","title":{"rendered":"\u00dcber Lisa Guggenberger"},"content":{"rendered":"\t\t<div data-elementor-type=\"wp-page\" data-elementor-id=\"383\" class=\"elementor elementor-383 elementor-198\" data-elementor-post-type=\"page\">\n\t\t\t\t\t\t<section class=\"elementor-section elementor-top-section elementor-element elementor-element-7ad673a elementor-section-height-min-height elementor-section-items-stretch elementor-section-content-bottom elementor-section-boxed elementor-section-height-default\" data-id=\"7ad673a\" data-element_type=\"section\" data-e-type=\"section\" data-settings=\"{&quot;background_background&quot;:&quot;classic&quot;}\">\n\t\t\t\t\t\t\t<div class=\"elementor-background-overlay\"><\/div>\n\t\t\t\t\t\t\t<div class=\"elementor-container elementor-column-gap-default\">\n\t\t\t\t\t<div class=\"elementor-column elementor-col-100 elementor-top-column elementor-element elementor-element-3173341\" data-id=\"3173341\" data-element_type=\"column\" data-e-type=\"column\" data-settings=\"{&quot;background_background&quot;:&quot;classic&quot;}\">\n\t\t\t<div class=\"elementor-widget-wrap elementor-element-populated\">\n\t\t\t\t\t<div class=\"elementor-background-overlay\"><\/div>\n\t\t\t\t\t\t<div class=\"elementor-element elementor-element-3c9f22d elementor-widget elementor-widget-heading\" data-id=\"3c9f22d\" data-element_type=\"widget\" data-e-type=\"widget\" data-widget_type=\"heading.default\">\n\t\t\t\t<div class=\"elementor-widget-container\">\n\t\t\t\t\t<h2 class=\"elementor-heading-title elementor-size-default\">\u00dcber Lisa Guggenberger<\/h2>\t\t\t\t<\/div>\n\t\t\t\t<\/div>\n\t\t\t\t<div class=\"elementor-element elementor-element-f0e95e9 elementor-widget elementor-widget-heading\" data-id=\"f0e95e9\" data-element_type=\"widget\" data-e-type=\"widget\" data-widget_type=\"heading.default\">\n\t\t\t\t<div class=\"elementor-widget-container\">\n\t\t\t\t\t<h2 class=\"elementor-heading-title elementor-size-default\">ELG Horses ist das Ergebnis meines Lebenstraums<\/h2>\t\t\t\t<\/div>\n\t\t\t\t<\/div>\n\t\t\t\t\t<\/div>\n\t\t<\/div>\n\t\t\t\t\t<\/div>\n\t\t<\/section>\n\t\t\t\t<section class=\"elementor-section elementor-top-section elementor-element elementor-element-f84366e elementor-section-boxed elementor-section-height-default elementor-section-height-default\" data-id=\"f84366e\" data-element_type=\"section\" data-e-type=\"section\">\n\t\t\t\t\t\t<div class=\"elementor-container elementor-column-gap-default\">\n\t\t\t\t\t<div class=\"elementor-column elementor-col-66 elementor-top-column elementor-element elementor-element-25439a5\" data-id=\"25439a5\" data-element_type=\"column\" data-e-type=\"column\">\n\t\t\t<div class=\"elementor-widget-wrap elementor-element-populated\">\n\t\t\t\t\t\t<div class=\"elementor-element elementor-element-638e753 elementor-widget elementor-widget-heading\" data-id=\"638e753\" data-element_type=\"widget\" data-e-type=\"widget\" data-widget_type=\"heading.default\">\n\t\t\t\t<div class=\"elementor-widget-container\">\n\t\t\t\t\t<h2 class=\"elementor-heading-title elementor-size-default\">Ich bin Lisa Guggenberger<\/h2>\t\t\t\t<\/div>\n\t\t\t\t<\/div>\n\t\t\t\t<div class=\"elementor-element elementor-element-b71955c elementor-widget elementor-widget-text-editor\" data-id=\"b71955c\" data-element_type=\"widget\" data-e-type=\"widget\" data-widget_type=\"text-editor.default\">\n\t\t\t\t<div class=\"elementor-widget-container\">\n\t\t\t\t\t\t\t\t\tSchon als kleines M\u00e4dchen zog es mich zu Pferden hin. Von Anfang an hatte ich dieses tiefe Gef\u00fchl: Ich m\u00f6chte mit Pferden meinen Weg gehen. Es war nicht nur eine Kindheitsphase &#8211; es war eine tiefe \u00dcberzeugung, die mich nie verlassen hat.  \t\t\t\t\t\t\t\t<\/div>\n\t\t\t\t<\/div>\n\t\t\t\t<div class=\"elementor-element elementor-element-173ef2c elementor-widget elementor-widget-heading\" data-id=\"173ef2c\" data-element_type=\"widget\" data-e-type=\"widget\" data-widget_type=\"heading.default\">\n\t\t\t\t<div class=\"elementor-widget-container\">\n\t\t\t\t\t<h2 class=\"elementor-heading-title elementor-size-default\">Mein Traum wurde wahr<\/h2>\t\t\t\t<\/div>\n\t\t\t\t<\/div>\n\t\t\t\t<div class=\"elementor-element elementor-element-e856705 elementor-widget elementor-widget-text-editor\" data-id=\"e856705\" data-element_type=\"widget\" data-e-type=\"widget\" data-widget_type=\"text-editor.default\">\n\t\t\t\t<div class=\"elementor-widget-container\">\n\t\t\t\t\t\t\t\t\t<p>Mit der Zeit wurde aus kindlicher Begeisterung ein ernsthaftes Ziel.Ich begann zu reiten, entschied mich f\u00fcr eine Ausbildung zur Pferdewirtin \u2013 denn ich wollte mehr wissen, mehr verstehen, mehr lernen. Doch mir war auch klar: Wer mit Pferden arbeitet, braucht nicht nur Herz, sondern auch ein gutes Gesp\u00fcr f\u00fcrs Gesch\u00e4ft. Also absolvierte ich zus\u00e4tzlich eine kaufm\u00e4nnische Ausbildung. R\u00fcckblickend war das eine der besten Entscheidungen, die ich treffen konnte.    <\/p><p>W\u00e4hrend und nach meiner Ausbildung zur Pferdewirtin habe ich in verschiedenen St\u00e4llen gearbeitet. Aber der Wunsch, etwas Eigenes aufzubauen, war immer da. Und so entstand Schritt f\u00fcr Schritt ELG Horses mit dem Fokus Pferde mit Sorgfalt auszubilden und in die passenden H\u00e4nde zu vermitteln.  <\/p>\t\t\t\t\t\t\t\t<\/div>\n\t\t\t\t<\/div>\n\t\t\t\t\t<\/div>\n\t\t<\/div>\n\t\t\t\t<div class=\"elementor-column elementor-col-33 elementor-top-column elementor-element elementor-element-ea0627a\" data-id=\"ea0627a\" data-element_type=\"column\" data-e-type=\"column\">\n\t\t\t<div class=\"elementor-widget-wrap elementor-element-populated\">\n\t\t\t\t\t\t<div class=\"elementor-element elementor-element-e633c26 elementor-widget elementor-widget-image\" data-id=\"e633c26\" data-element_type=\"widget\" data-e-type=\"widget\" data-widget_type=\"image.default\">\n\t\t\t\t<div class=\"elementor-widget-container\">\n\t\t\t\t\t\t\t\t\t\t\t\t\t\t\t<img fetchpriority=\"high\" decoding=\"async\" width=\"800\" height=\"889\" src=\"https:\/\/elg-horses.com\/wp-content\/uploads\/2025\/06\/Lisa_Guggenberger2-1.png\" class=\"attachment-large size-large wp-image-2612\" alt=\"\" srcset=\"https:\/\/elg-horses.com\/wp-content\/uploads\/2025\/06\/Lisa_Guggenberger2-1.png 810w, https:\/\/elg-horses.com\/wp-content\/uploads\/2025\/06\/Lisa_Guggenberger2-1-270x300.png 270w, https:\/\/elg-horses.com\/wp-content\/uploads\/2025\/06\/Lisa_Guggenberger2-1-768x853.png 768w\" sizes=\"(max-width: 800px) 100vw, 800px\" \/>\t\t\t\t\t\t\t\t\t\t\t\t\t\t\t<\/div>\n\t\t\t\t<\/div>\n\t\t\t\t\t<\/div>\n\t\t<\/div>\n\t\t\t\t\t<\/div>\n\t\t<\/section>\n\t\t\t\t<section class=\"elementor-section elementor-top-section elementor-element elementor-element-cf1acf6 elementor-section-height-min-height elementor-section-full_width elementor-section-items-stretch elementor-section-content-middle elementor-reverse-tablet elementor-reverse-mobile elementor-section-height-default\" data-id=\"cf1acf6\" data-element_type=\"section\" data-e-type=\"section\">\n\t\t\t\t\t\t<div class=\"elementor-container elementor-column-gap-default\">\n\t\t\t\t\t<div class=\"elementor-column elementor-col-33 elementor-top-column elementor-element elementor-element-c9eeded\" data-id=\"c9eeded\" data-element_type=\"column\" data-e-type=\"column\" data-settings=\"{&quot;background_background&quot;:&quot;classic&quot;}\">\n\t\t\t<div class=\"elementor-widget-wrap elementor-element-populated\">\n\t\t\t\t\t\t<div class=\"elementor-element elementor-element-b9f4a17 elementor-widget elementor-widget-spacer\" data-id=\"b9f4a17\" data-element_type=\"widget\" data-e-type=\"widget\" data-widget_type=\"spacer.default\">\n\t\t\t\t<div class=\"elementor-widget-container\">\n\t\t\t\t\t\t\t<div class=\"elementor-spacer\">\n\t\t\t<div class=\"elementor-spacer-inner\"><\/div>\n\t\t<\/div>\n\t\t\t\t\t\t<\/div>\n\t\t\t\t<\/div>\n\t\t\t\t\t<\/div>\n\t\t<\/div>\n\t\t\t\t<div class=\"elementor-column elementor-col-66 elementor-top-column elementor-element elementor-element-6bdba83\" data-id=\"6bdba83\" data-element_type=\"column\" data-e-type=\"column\">\n\t\t\t<div class=\"elementor-widget-wrap elementor-element-populated\">\n\t\t\t\t\t\t<div class=\"elementor-element elementor-element-b6cedd2 elementor-widget elementor-widget-heading\" data-id=\"b6cedd2\" data-element_type=\"widget\" data-e-type=\"widget\" data-widget_type=\"heading.default\">\n\t\t\t\t<div class=\"elementor-widget-container\">\n\t\t\t\t\t<h2 class=\"elementor-heading-title elementor-size-default\">Springreiten ist meine Leidenschaft<\/h2>\t\t\t\t<\/div>\n\t\t\t\t<\/div>\n\t\t\t\t<div class=\"elementor-element elementor-element-84909dd elementor-widget elementor-widget-text-editor\" data-id=\"84909dd\" data-element_type=\"widget\" data-e-type=\"widget\" data-widget_type=\"text-editor.default\">\n\t\t\t\t<div class=\"elementor-widget-container\">\n\t\t\t\t\t\t\t\t\t<p>Meine gro\u00dfe Liebe gilt dem Springsport. National wie international bin ich erfolgreich bis zur Klasse 1,40 m unterwegs \u2013 immer mit dem Anspruch, das Beste aus jedem Pferd herauszuholen, ohne dabei den Charakter aus dem Blick zu verlieren. Gleichzeitig schl\u00e4gt ein Teil meines Herzens f\u00fcr die Ausbildung junger Dressurpferde. Auch auf diesen Turnieren bin ich regelm\u00e4\u00dfig zu sehen.   <\/p><p>Heute lebe und arbeite ich im S\u00fcden der Niederlande \u2013 dort, wo ELG Horses zuhause ist. Und vielleicht finden Sie ja genau hier Ihr neues Herzenspferd. <\/p>\t\t\t\t\t\t\t\t<\/div>\n\t\t\t\t<\/div>\n\t\t\t\t<div class=\"elementor-element elementor-element-402fdbc elementor-widget elementor-widget-heading\" data-id=\"402fdbc\" data-element_type=\"widget\" data-e-type=\"widget\" data-widget_type=\"heading.default\">\n\t\t\t\t<div class=\"elementor-widget-container\">\n\t\t\t\t\t<h2 class=\"elementor-heading-title elementor-size-default\">Stall La Reve<\/h2>\t\t\t\t<\/div>\n\t\t\t\t<\/div>\n\t\t\t\t<div class=\"elementor-element elementor-element-dd2ebfc elementor-widget elementor-widget-text-editor\" data-id=\"dd2ebfc\" data-element_type=\"widget\" data-e-type=\"widget\" data-widget_type=\"text-editor.default\">\n\t\t\t\t<div class=\"elementor-widget-container\">\n\t\t\t\t\t\t\t\t\t<p>Wir, Lisa Guggenberger und Arthur Verbroekken, betreiben gemeinsam den Ausbildungsstall Stal La Reve in Sint Athonis.<br>Hier befindet sich auch unsere <a href=\"https:\/\/elg-horses.com\/de\/hengste-2\/\">Hengststation<\/a>.<\/p>\t\t\t\t\t\t\t\t<\/div>\n\t\t\t\t<\/div>\n\t\t\t\t<div class=\"elementor-element elementor-element-5ee5612 elementor-widget elementor-widget-heading\" data-id=\"5ee5612\" data-element_type=\"widget\" data-e-type=\"widget\" data-widget_type=\"heading.default\">\n\t\t\t\t<div class=\"elementor-widget-container\">\n\t\t\t\t\t<h2 class=\"elementor-heading-title elementor-size-default\">Sie suchen ein Pferd?<\/h2>\t\t\t\t<\/div>\n\t\t\t\t<\/div>\n\t\t\t\t<div class=\"elementor-element elementor-element-95ebdaa elementor-widget elementor-widget-text-editor\" data-id=\"95ebdaa\" data-element_type=\"widget\" data-e-type=\"widget\" data-widget_type=\"text-editor.default\">\n\t\t\t\t<div class=\"elementor-widget-container\">\n\t\t\t\t\t\t\t\t\t<p>Wenn Sie auf der Suche nach einem passenden Pferd f\u00fcr sich sind, kontaktieren Sie uns gerne um einen Termin zu vereinbaren.<\/p><p>Mehr als einmal haben wir ein Pferd nur durch ein Video verkauft und alles f\u00fcr den Kunden arrangiert. Von den Dokumenten bis hin zum Versand. Und ob Sie es glauben oder nicht, viele Kunden kommen wieder. Lisa ist stolz auf ihre F\u00e4higkeit, Pferd und Reiter nicht nur im echten Leben, sondern auch aus der Ferne zusammenzubringen. Z\u00f6gern Sie also nicht, uns zu kontaktieren, wenn Sie nicht vorbeikommen k\u00f6nnen.    <\/p><p>Es geht eben nicht nur um den Verkauf \u2013 sondern um das richtige Match. Und wer wei\u00df &#8211; vielleicht finden Sie hier Ihr neues Herzenspferd. <\/p>\t\t\t\t\t\t\t\t<\/div>\n\t\t\t\t<\/div>\n\t\t\t\t<div class=\"elementor-element elementor-element-15cca7c elementor-widget elementor-widget-button\" data-id=\"15cca7c\" data-element_type=\"widget\" data-e-type=\"widget\" data-widget_type=\"button.default\">\n\t\t\t\t<div class=\"elementor-widget-container\">\n\t\t\t\t\t\t\t\t\t<div class=\"elementor-button-wrapper\">\n\t\t\t\t\t<a class=\"elementor-button elementor-button-link elementor-size-sm\" href=\"https:\/\/elg-horses.com\/de\/kontact\/\">\n\t\t\t\t\t\t<span class=\"elementor-button-content-wrapper\">\n\t\t\t\t\t\t\t\t\t<span class=\"elementor-button-text\">Nehmen sie kontact auf<\/span>\n\t\t\t\t\t<\/span>\n\t\t\t\t\t<\/a>\n\t\t\t\t<\/div>\n\t\t\t\t\t\t\t\t<\/div>\n\t\t\t\t<\/div>\n\t\t\t\t\t<\/div>\n\t\t<\/div>\n\t\t\t\t\t<\/div>\n\t\t<\/section>\n\t\t\t\t<\/div>\n\t\t","protected":false},"excerpt":{"rendered":"<p>\u00dcber Lisa Guggenberger ELG Horses ist das Ergebnis meines Lebenstraums Ich bin Lisa Guggenberger Schon als kleines M\u00e4dchen zog es mich zu Pferden hin. Von Anfang an hatte ich dieses tiefe Gef\u00fchl: Ich m\u00f6chte mit Pferden meinen Weg gehen. Es war nicht nur eine Kindheitsphase &#8211; es war eine tiefe \u00dcberzeugung, die mich nie verlassen [&hellip;]<\/p>\n","protected":false},"author":2,"featured_media":0,"parent":0,"menu_order":0,"comment_status":"closed","ping_status":"closed","template":"","meta":{"footnotes":""},"class_list":["post-383","page","type-page","status-publish","hentry"],"yoast_head":"<!-- This site is optimized with the Yoast SEO plugin v27.3 - https:\/\/yoast.com\/product\/yoast-seo-wordpress\/ -->\n<title>\u00dcber Lisa Guggenberger - ELG Horses<\/title>\n<meta name=\"description\" content=\"ELG Horses ist im Besitz von mir, Lisa Guggenberger. Seit ich denken kann, f\u00fchle ich mich zu Pferden hingezogen.\" \/>\n<meta name=\"robots\" content=\"index, follow, max-snippet:-1, max-image-preview:large, max-video-preview:-1\" \/>\n<link rel=\"canonical\" href=\"https:\/\/elg-horses.com\/de\/ueber-lisa-guggenberger\/\" \/>\n<meta property=\"og:locale\" content=\"de_DE\" \/>\n<meta property=\"og:type\" content=\"article\" \/>\n<meta property=\"og:title\" content=\"\u00dcber Lisa Guggenberger - ELG Horses\" \/>\n<meta property=\"og:description\" content=\"ELG Horses ist im Besitz von mir, Lisa Guggenberger. Seit ich denken kann, f\u00fchle ich mich zu Pferden hingezogen.\" \/>\n<meta property=\"og:url\" content=\"https:\/\/elg-horses.com\/de\/ueber-lisa-guggenberger\/\" \/>\n<meta property=\"og:site_name\" content=\"ELG Horses\" \/>\n<meta property=\"article:publisher\" content=\"https:\/\/www.facebook.com\/profile.php?id=100063958247000\" \/>\n<meta property=\"article:modified_time\" content=\"2025-09-15T09:38:20+00:00\" \/>\n<meta property=\"og:image\" content=\"https:\/\/elg-horses.com\/wp-content\/uploads\/2025\/06\/Lisa_Guggenberger2-1.png\" \/>\n\t<meta property=\"og:image:width\" content=\"810\" \/>\n\t<meta property=\"og:image:height\" content=\"900\" \/>\n\t<meta property=\"og:image:type\" content=\"image\/png\" \/>\n<meta name=\"twitter:card\" content=\"summary_large_image\" \/>\n<meta name=\"twitter:label1\" content=\"Gesch\u00e4tzte Lesezeit\" \/>\n\t<meta name=\"twitter:data1\" content=\"2 minutes\" \/>\n<script type=\"application\/ld+json\" class=\"yoast-schema-graph\">{\"@context\":\"https:\\\/\\\/schema.org\",\"@graph\":[{\"@type\":\"WebPage\",\"@id\":\"https:\\\/\\\/elg-horses.com\\\/de\\\/ueber-lisa-guggenberger\\\/\",\"url\":\"https:\\\/\\\/elg-horses.com\\\/de\\\/ueber-lisa-guggenberger\\\/\",\"name\":\"\u00dcber Lisa Guggenberger - ELG Horses\",\"isPartOf\":{\"@id\":\"https:\\\/\\\/elg-horses.com\\\/de\\\/#website\"},\"primaryImageOfPage\":{\"@id\":\"https:\\\/\\\/elg-horses.com\\\/de\\\/ueber-lisa-guggenberger\\\/#primaryimage\"},\"image\":{\"@id\":\"https:\\\/\\\/elg-horses.com\\\/de\\\/ueber-lisa-guggenberger\\\/#primaryimage\"},\"thumbnailUrl\":\"https:\\\/\\\/elg-horses.com\\\/wp-content\\\/uploads\\\/2025\\\/06\\\/Lisa_Guggenberger2-1.png\",\"datePublished\":\"2022-11-04T18:59:18+00:00\",\"dateModified\":\"2025-09-15T09:38:20+00:00\",\"description\":\"ELG Horses ist im Besitz von mir, Lisa Guggenberger. Seit ich denken kann, f\u00fchle ich mich zu Pferden hingezogen.\",\"breadcrumb\":{\"@id\":\"https:\\\/\\\/elg-horses.com\\\/de\\\/ueber-lisa-guggenberger\\\/#breadcrumb\"},\"inLanguage\":\"de-DE\",\"potentialAction\":[{\"@type\":\"ReadAction\",\"target\":[\"https:\\\/\\\/elg-horses.com\\\/de\\\/ueber-lisa-guggenberger\\\/\"]}]},{\"@type\":\"ImageObject\",\"inLanguage\":\"de-DE\",\"@id\":\"https:\\\/\\\/elg-horses.com\\\/de\\\/ueber-lisa-guggenberger\\\/#primaryimage\",\"url\":\"https:\\\/\\\/elg-horses.com\\\/wp-content\\\/uploads\\\/2025\\\/06\\\/Lisa_Guggenberger2-1.png\",\"contentUrl\":\"https:\\\/\\\/elg-horses.com\\\/wp-content\\\/uploads\\\/2025\\\/06\\\/Lisa_Guggenberger2-1.png\"},{\"@type\":\"BreadcrumbList\",\"@id\":\"https:\\\/\\\/elg-horses.com\\\/de\\\/ueber-lisa-guggenberger\\\/#breadcrumb\",\"itemListElement\":[{\"@type\":\"ListItem\",\"position\":1,\"name\":\"Home\",\"item\":\"https:\\\/\\\/elg-horses.com\\\/de\\\/home\\\/\"},{\"@type\":\"ListItem\",\"position\":2,\"name\":\"\u00dcber Lisa Guggenberger\"}]},{\"@type\":\"WebSite\",\"@id\":\"https:\\\/\\\/elg-horses.com\\\/de\\\/#website\",\"url\":\"https:\\\/\\\/elg-horses.com\\\/de\\\/\",\"name\":\"ELG Horses\",\"description\":\"Quality is what matters\",\"publisher\":{\"@id\":\"https:\\\/\\\/elg-horses.com\\\/de\\\/#organization\"},\"potentialAction\":[{\"@type\":\"SearchAction\",\"target\":{\"@type\":\"EntryPoint\",\"urlTemplate\":\"https:\\\/\\\/elg-horses.com\\\/de\\\/?s={search_term_string}\"},\"query-input\":{\"@type\":\"PropertyValueSpecification\",\"valueRequired\":true,\"valueName\":\"search_term_string\"}}],\"inLanguage\":\"de-DE\"},{\"@type\":\"Organization\",\"@id\":\"https:\\\/\\\/elg-horses.com\\\/de\\\/#organization\",\"name\":\"ELG Horses\",\"url\":\"https:\\\/\\\/elg-horses.com\\\/de\\\/\",\"logo\":{\"@type\":\"ImageObject\",\"inLanguage\":\"de-DE\",\"@id\":\"https:\\\/\\\/elg-horses.com\\\/de\\\/#\\\/schema\\\/logo\\\/image\\\/\",\"url\":\"https:\\\/\\\/elg-horses.com\\\/wp-content\\\/uploads\\\/2022\\\/11\\\/Logo-ELG-Horses.png\",\"contentUrl\":\"https:\\\/\\\/elg-horses.com\\\/wp-content\\\/uploads\\\/2022\\\/11\\\/Logo-ELG-Horses.png\",\"width\":284,\"height\":246,\"caption\":\"ELG Horses\"},\"image\":{\"@id\":\"https:\\\/\\\/elg-horses.com\\\/de\\\/#\\\/schema\\\/logo\\\/image\\\/\"},\"sameAs\":[\"https:\\\/\\\/www.facebook.com\\\/profile.php?id=100063958247000\"]}]}<\/script>\n<!-- \/ Yoast SEO plugin. -->","yoast_head_json":{"title":"\u00dcber Lisa Guggenberger - ELG Horses","description":"ELG Horses ist im Besitz von mir, Lisa Guggenberger. Seit ich denken kann, f\u00fchle ich mich zu Pferden hingezogen.","robots":{"index":"index","follow":"follow","max-snippet":"max-snippet:-1","max-image-preview":"max-image-preview:large","max-video-preview":"max-video-preview:-1"},"canonical":"https:\/\/elg-horses.com\/de\/ueber-lisa-guggenberger\/","og_locale":"de_DE","og_type":"article","og_title":"\u00dcber Lisa Guggenberger - ELG Horses","og_description":"ELG Horses ist im Besitz von mir, Lisa Guggenberger. Seit ich denken kann, f\u00fchle ich mich zu Pferden hingezogen.","og_url":"https:\/\/elg-horses.com\/de\/ueber-lisa-guggenberger\/","og_site_name":"ELG Horses","article_publisher":"https:\/\/www.facebook.com\/profile.php?id=100063958247000","article_modified_time":"2025-09-15T09:38:20+00:00","og_image":[{"width":810,"height":900,"url":"https:\/\/elg-horses.com\/wp-content\/uploads\/2025\/06\/Lisa_Guggenberger2-1.png","type":"image\/png"}],"twitter_card":"summary_large_image","twitter_misc":{"Gesch\u00e4tzte Lesezeit":"2 minutes"},"schema":{"@context":"https:\/\/schema.org","@graph":[{"@type":"WebPage","@id":"https:\/\/elg-horses.com\/de\/ueber-lisa-guggenberger\/","url":"https:\/\/elg-horses.com\/de\/ueber-lisa-guggenberger\/","name":"\u00dcber Lisa Guggenberger - ELG Horses","isPartOf":{"@id":"https:\/\/elg-horses.com\/de\/#website"},"primaryImageOfPage":{"@id":"https:\/\/elg-horses.com\/de\/ueber-lisa-guggenberger\/#primaryimage"},"image":{"@id":"https:\/\/elg-horses.com\/de\/ueber-lisa-guggenberger\/#primaryimage"},"thumbnailUrl":"https:\/\/elg-horses.com\/wp-content\/uploads\/2025\/06\/Lisa_Guggenberger2-1.png","datePublished":"2022-11-04T18:59:18+00:00","dateModified":"2025-09-15T09:38:20+00:00","description":"ELG Horses ist im Besitz von mir, Lisa Guggenberger. Seit ich denken kann, f\u00fchle ich mich zu Pferden hingezogen.","breadcrumb":{"@id":"https:\/\/elg-horses.com\/de\/ueber-lisa-guggenberger\/#breadcrumb"},"inLanguage":"de-DE","potentialAction":[{"@type":"ReadAction","target":["https:\/\/elg-horses.com\/de\/ueber-lisa-guggenberger\/"]}]},{"@type":"ImageObject","inLanguage":"de-DE","@id":"https:\/\/elg-horses.com\/de\/ueber-lisa-guggenberger\/#primaryimage","url":"https:\/\/elg-horses.com\/wp-content\/uploads\/2025\/06\/Lisa_Guggenberger2-1.png","contentUrl":"https:\/\/elg-horses.com\/wp-content\/uploads\/2025\/06\/Lisa_Guggenberger2-1.png"},{"@type":"BreadcrumbList","@id":"https:\/\/elg-horses.com\/de\/ueber-lisa-guggenberger\/#breadcrumb","itemListElement":[{"@type":"ListItem","position":1,"name":"Home","item":"https:\/\/elg-horses.com\/de\/home\/"},{"@type":"ListItem","position":2,"name":"\u00dcber Lisa Guggenberger"}]},{"@type":"WebSite","@id":"https:\/\/elg-horses.com\/de\/#website","url":"https:\/\/elg-horses.com\/de\/","name":"ELG Horses","description":"Quality is what matters","publisher":{"@id":"https:\/\/elg-horses.com\/de\/#organization"},"potentialAction":[{"@type":"SearchAction","target":{"@type":"EntryPoint","urlTemplate":"https:\/\/elg-horses.com\/de\/?s={search_term_string}"},"query-input":{"@type":"PropertyValueSpecification","valueRequired":true,"valueName":"search_term_string"}}],"inLanguage":"de-DE"},{"@type":"Organization","@id":"https:\/\/elg-horses.com\/de\/#organization","name":"ELG Horses","url":"https:\/\/elg-horses.com\/de\/","logo":{"@type":"ImageObject","inLanguage":"de-DE","@id":"https:\/\/elg-horses.com\/de\/#\/schema\/logo\/image\/","url":"https:\/\/elg-horses.com\/wp-content\/uploads\/2022\/11\/Logo-ELG-Horses.png","contentUrl":"https:\/\/elg-horses.com\/wp-content\/uploads\/2022\/11\/Logo-ELG-Horses.png","width":284,"height":246,"caption":"ELG Horses"},"image":{"@id":"https:\/\/elg-horses.com\/de\/#\/schema\/logo\/image\/"},"sameAs":["https:\/\/www.facebook.com\/profile.php?id=100063958247000"]}]}},"_links":{"self":[{"href":"https:\/\/elg-horses.com\/de\/wp-json\/wp\/v2\/pages\/383","targetHints":{"allow":["GET"]}}],"collection":[{"href":"https:\/\/elg-horses.com\/de\/wp-json\/wp\/v2\/pages"}],"about":[{"href":"https:\/\/elg-horses.com\/de\/wp-json\/wp\/v2\/types\/page"}],"author":[{"embeddable":true,"href":"https:\/\/elg-horses.com\/de\/wp-json\/wp\/v2\/users\/2"}],"replies":[{"embeddable":true,"href":"https:\/\/elg-horses.com\/de\/wp-json\/wp\/v2\/comments?post=383"}],"version-history":[{"count":0,"href":"https:\/\/elg-horses.com\/de\/wp-json\/wp\/v2\/pages\/383\/revisions"}],"wp:attachment":[{"href":"https:\/\/elg-horses.com\/de\/wp-json\/wp\/v2\/media?parent=383"}],"curies":[{"name":"wp","href":"https:\/\/api.w.org\/{rel}","templated":true}]}}