{"id":393,"date":"2025-06-24T19:02:00","date_gmt":"2025-06-24T19:02:00","guid":{"rendered":"https:\/\/elg-horses.com\/kontact\/"},"modified":"2025-09-14T11:36:48","modified_gmt":"2025-09-14T11:36:48","slug":"kontact","status":"publish","type":"page","link":"https:\/\/elg-horses.com\/de\/kontact\/","title":{"rendered":"Kontakt"},"content":{"rendered":"\t\t<div data-elementor-type=\"wp-page\" data-elementor-id=\"393\" class=\"elementor elementor-393 elementor-206\" data-elementor-post-type=\"page\">\n\t\t\t\t\t\t<section class=\"elementor-section elementor-top-section elementor-element elementor-element-5f73fb0 elementor-section-boxed elementor-section-height-default elementor-section-height-default\" data-id=\"5f73fb0\" data-element_type=\"section\" data-e-type=\"section\" data-settings=\"{&quot;background_background&quot;:&quot;gradient&quot;}\">\n\t\t\t\t\t\t<div class=\"elementor-container elementor-column-gap-default\">\n\t\t\t\t\t<div class=\"elementor-column elementor-col-50 elementor-top-column elementor-element elementor-element-5af61b1\" data-id=\"5af61b1\" data-element_type=\"column\" data-e-type=\"column\" data-settings=\"{&quot;background_background&quot;:&quot;classic&quot;}\">\n\t\t\t<div class=\"elementor-widget-wrap elementor-element-populated\">\n\t\t\t\t\t<div class=\"elementor-background-overlay\"><\/div>\n\t\t\t\t\t\t<div class=\"elementor-element elementor-element-b880194 elementor-widget elementor-widget-heading\" data-id=\"b880194\" data-element_type=\"widget\" data-e-type=\"widget\" data-widget_type=\"heading.default\">\n\t\t\t\t<div class=\"elementor-widget-container\">\n\t\t\t\t\t<h6 class=\"elementor-heading-title elementor-size-default\">Haben Sie Fragen?<\/h6>\t\t\t\t<\/div>\n\t\t\t\t<\/div>\n\t\t\t\t<div class=\"elementor-element elementor-element-e187907 elementor-widget elementor-widget-heading\" data-id=\"e187907\" data-element_type=\"widget\" data-e-type=\"widget\" data-widget_type=\"heading.default\">\n\t\t\t\t<div class=\"elementor-widget-container\">\n\t\t\t\t\t<h1 class=\"elementor-heading-title elementor-size-default\">Kontakt<\/h1>\t\t\t\t<\/div>\n\t\t\t\t<\/div>\n\t\t\t\t<div class=\"elementor-element elementor-element-7eb609c elementor-widget elementor-widget-text-editor\" data-id=\"7eb609c\" data-element_type=\"widget\" data-e-type=\"widget\" data-widget_type=\"text-editor.default\">\n\t\t\t\t<div class=\"elementor-widget-container\">\n\t\t\t\t\t\t\t\t\t<p>Haben Sie Fragen zu mir oder einem Pferd?  <br>Oder m\u00f6chten Sie einen Termin zur Besichtigung eines Pferdes vereinbaren?<\/p><p>Kontaktieren Sie mich \u00fcber die untenstehenden Kontaktdaten oder f\u00fcllen Sie gerne das Kontaktformular aus.<\/p>\t\t\t\t\t\t\t\t<\/div>\n\t\t\t\t<\/div>\n\t\t\t\t<div class=\"elementor-element elementor-element-a533b14 elementor-icon-list--layout-inline elementor-align-center elementor-list-item-link-full_width elementor-widget elementor-widget-icon-list\" data-id=\"a533b14\" data-element_type=\"widget\" data-e-type=\"widget\" data-widget_type=\"icon-list.default\">\n\t\t\t\t<div class=\"elementor-widget-container\">\n\t\t\t\t\t\t\t<ul class=\"elementor-icon-list-items elementor-inline-items\">\n\t\t\t\t\t\t\t<li class=\"elementor-icon-list-item elementor-inline-item\">\n\t\t\t\t\t\t\t\t\t\t\t<a href=\"https:\/\/api.whatsapp.com\/send?phone=+491721743163%20\">\n\n\t\t\t\t\t\t\t\t\t\t\t\t<span class=\"elementor-icon-list-icon\">\n\t\t\t\t\t\t\t<i aria-hidden=\"true\" class=\"fab fa-whatsapp-square\"><\/i>\t\t\t\t\t\t<\/span>\n\t\t\t\t\t\t\t\t\t\t<span class=\"elementor-icon-list-text\"><\/span>\n\t\t\t\t\t\t\t\t\t\t\t<\/a>\n\t\t\t\t\t\t\t\t\t<\/li>\n\t\t\t\t\t\t\t\t<li class=\"elementor-icon-list-item elementor-inline-item\">\n\t\t\t\t\t\t\t\t\t\t\t<a href=\"mailto:guggenberger.lisa@gmx.de\">\n\n\t\t\t\t\t\t\t\t\t\t\t\t<span class=\"elementor-icon-list-icon\">\n\t\t\t\t\t\t\t<i aria-hidden=\"true\" class=\"fas fa-envelope\"><\/i>\t\t\t\t\t\t<\/span>\n\t\t\t\t\t\t\t\t\t\t<span class=\"elementor-icon-list-text\"><\/span>\n\t\t\t\t\t\t\t\t\t\t\t<\/a>\n\t\t\t\t\t\t\t\t\t<\/li>\n\t\t\t\t\t\t\t\t<li class=\"elementor-icon-list-item elementor-inline-item\">\n\t\t\t\t\t\t\t\t\t\t\t<a href=\"tel:+491721743163%20\">\n\n\t\t\t\t\t\t\t\t\t\t\t\t<span class=\"elementor-icon-list-icon\">\n\t\t\t\t\t\t\t<i aria-hidden=\"true\" class=\"fas fa-phone-alt\"><\/i>\t\t\t\t\t\t<\/span>\n\t\t\t\t\t\t\t\t\t\t<span class=\"elementor-icon-list-text\"><\/span>\n\t\t\t\t\t\t\t\t\t\t\t<\/a>\n\t\t\t\t\t\t\t\t\t<\/li>\n\t\t\t\t\t\t<\/ul>\n\t\t\t\t\t\t<\/div>\n\t\t\t\t<\/div>\n\t\t\t\t\t<\/div>\n\t\t<\/div>\n\t\t\t\t<div class=\"elementor-column elementor-col-50 elementor-top-column elementor-element elementor-element-40061bd\" data-id=\"40061bd\" data-element_type=\"column\" data-e-type=\"column\" data-settings=\"{&quot;background_background&quot;:&quot;classic&quot;}\">\n\t\t\t<div class=\"elementor-widget-wrap elementor-element-populated\">\n\t\t\t\t\t\t<div class=\"elementor-element elementor-element-a5e243e elementor-widget elementor-widget-heading\" data-id=\"a5e243e\" data-element_type=\"widget\" data-e-type=\"widget\" data-widget_type=\"heading.default\">\n\t\t\t\t<div class=\"elementor-widget-container\">\n\t\t\t\t\t<h4 class=\"elementor-heading-title elementor-size-default\">Um weitere Informationen zu erhalten, f\u00fcllen Sie das untenstehende Formular aus oder rufen Sie uns an<\/h4>\t\t\t\t<\/div>\n\t\t\t\t<\/div>\n\t\t\t\t<div class=\"elementor-element elementor-element-0185478 elementor-button-align-start elementor-widget elementor-widget-form\" data-id=\"0185478\" data-element_type=\"widget\" data-e-type=\"widget\" data-settings=\"{&quot;step_next_label&quot;:&quot;Next&quot;,&quot;step_previous_label&quot;:&quot;Previous&quot;,&quot;button_width&quot;:&quot;100&quot;,&quot;step_type&quot;:&quot;number_text&quot;,&quot;step_icon_shape&quot;:&quot;circle&quot;}\" data-widget_type=\"form.default\">\n\t\t\t\t<div class=\"elementor-widget-container\">\n\t\t\t\t\t\t\t<form class=\"elementor-form\" method=\"post\" name=\"Kontakt\" aria-label=\"Kontakt\">\n\t\t\t<input type=\"hidden\" name=\"post_id\" value=\"393\"\/>\n\t\t\t<input type=\"hidden\" name=\"form_id\" value=\"0185478\"\/>\n\t\t\t<input type=\"hidden\" name=\"referer_title\" value=\"Kontakt - Lisa Guggenberger ELG Horses\" \/>\n\n\t\t\t\t\t\t\t<input type=\"hidden\" name=\"queried_id\" value=\"393\"\/>\n\t\t\t\n\t\t\t<div class=\"elementor-form-fields-wrapper elementor-labels-\">\n\t\t\t\t\t\t\t\t<div class=\"elementor-field-type-text elementor-field-group elementor-column elementor-field-group-name elementor-col-50 elementor-field-required\">\n\t\t\t\t\t\t\t\t\t\t\t\t<label for=\"form-field-name\" class=\"elementor-field-label elementor-screen-only\">\n\t\t\t\t\t\t\t\tName\t\t\t\t\t\t\t<\/label>\n\t\t\t\t\t\t\t\t\t\t\t\t\t\t<input size=\"1\" type=\"text\" name=\"form_fields[name]\" id=\"form-field-name\" class=\"elementor-field elementor-size-sm  elementor-field-textual\" placeholder=\"Name\" required=\"required\">\n\t\t\t\t\t\t\t\t\t\t\t<\/div>\n\t\t\t\t\t\t\t\t<div class=\"elementor-field-type-tel elementor-field-group elementor-column elementor-field-group-field_d5f34e5 elementor-col-50\">\n\t\t\t\t\t\t\t\t\t\t\t\t<label for=\"form-field-field_d5f34e5\" class=\"elementor-field-label elementor-screen-only\">\n\t\t\t\t\t\t\t\tPhone Number\t\t\t\t\t\t\t<\/label>\n\t\t\t\t\t\t\t\t<input size=\"1\" type=\"tel\" name=\"form_fields[field_d5f34e5]\" id=\"form-field-field_d5f34e5\" class=\"elementor-field elementor-size-sm  elementor-field-textual\" placeholder=\"Phone Number\" pattern=\"[0-9()#&amp;+*-=.]+\" title=\"Nur Nummern oder Telefon-Zeichen (#, -, *, etc) werden akzeptiert.\">\n\n\t\t\t\t\t\t<\/div>\n\t\t\t\t\t\t\t\t<div class=\"elementor-field-type-email elementor-field-group elementor-column elementor-field-group-email elementor-col-50 elementor-field-required\">\n\t\t\t\t\t\t\t\t\t\t\t\t<label for=\"form-field-email\" class=\"elementor-field-label elementor-screen-only\">\n\t\t\t\t\t\t\t\tEmail Address\t\t\t\t\t\t\t<\/label>\n\t\t\t\t\t\t\t\t\t\t\t\t\t\t<input size=\"1\" type=\"email\" name=\"form_fields[email]\" id=\"form-field-email\" class=\"elementor-field elementor-size-sm  elementor-field-textual\" placeholder=\"Email Address\" required=\"required\">\n\t\t\t\t\t\t\t\t\t\t\t<\/div>\n\t\t\t\t\t\t\t\t<div class=\"elementor-field-type-text elementor-field-group elementor-column elementor-field-group-field_51083d7 elementor-col-50\">\n\t\t\t\t\t\t\t\t\t\t\t\t<label for=\"form-field-field_51083d7\" class=\"elementor-field-label elementor-screen-only\">\n\t\t\t\t\t\t\t\tBetreff\t\t\t\t\t\t\t<\/label>\n\t\t\t\t\t\t\t\t\t\t\t\t\t\t<input size=\"1\" type=\"text\" name=\"form_fields[field_51083d7]\" id=\"form-field-field_51083d7\" class=\"elementor-field elementor-size-sm  elementor-field-textual\" placeholder=\"Betreff\">\n\t\t\t\t\t\t\t\t\t\t\t<\/div>\n\t\t\t\t\t\t\t\t<div class=\"elementor-field-type-textarea elementor-field-group elementor-column elementor-field-group-message elementor-col-100\">\n\t\t\t\t\t\t\t\t\t\t\t\t<label for=\"form-field-message\" class=\"elementor-field-label elementor-screen-only\">\n\t\t\t\t\t\t\t\tHaben Sie Fragen?\t\t\t\t\t\t\t<\/label>\n\t\t\t\t\t\t<textarea class=\"elementor-field-textual elementor-field  elementor-size-sm\" name=\"form_fields[message]\" id=\"form-field-message\" rows=\"4\" placeholder=\"Haben Sie Fragen?\"><\/textarea>\t\t\t\t<\/div>\n\t\t\t\t\t\t\t\t<div class=\"elementor-field-type-recaptcha_v3 elementor-field-group elementor-column elementor-field-group-field_c9aae20 elementor-col-100 recaptcha_v3-inline\">\n\t\t\t\t\t<div class=\"elementor-field\" id=\"form-field-field_c9aae20\"><div class=\"elementor-g-recaptcha\" data-sitekey=\"6LdBweciAAAAAGaKfaM7BJc2Q87CAFAWlEN5hght\" data-type=\"v3\" data-action=\"Form\" data-badge=\"inline\" data-size=\"invisible\"><\/div><\/div>\t\t\t\t<\/div>\n\t\t\t\t\t\t\t\t<div class=\"elementor-field-group elementor-column elementor-field-type-submit elementor-col-100 e-form__buttons\">\n\t\t\t\t\t<button class=\"elementor-button elementor-size-sm\" type=\"submit\">\n\t\t\t\t\t\t<span class=\"elementor-button-content-wrapper\">\n\t\t\t\t\t\t\t\t\t\t\t\t\t\t\t\t\t\t\t\t\t\t<span class=\"elementor-button-text\">Abschicken<\/span>\n\t\t\t\t\t\t\t\t\t\t\t\t\t<\/span>\n\t\t\t\t\t<\/button>\n\t\t\t\t<\/div>\n\t\t\t<\/div>\n\t\t<\/form>\n\t\t\t\t\t\t<\/div>\n\t\t\t\t<\/div>\n\t\t\t\t\t<\/div>\n\t\t<\/div>\n\t\t\t\t\t<\/div>\n\t\t<\/section>\n\t\t\t\t<\/div>\n\t\t","protected":false},"excerpt":{"rendered":"<p>Haben Sie Fragen? Kontakt Haben Sie Fragen zu mir oder einem Pferd? Oder m\u00f6chten Sie einen Termin zur Besichtigung eines Pferdes vereinbaren? Kontaktieren Sie mich \u00fcber die untenstehenden Kontaktdaten oder f\u00fcllen Sie gerne das Kontaktformular aus. Um weitere Informationen zu erhalten, f\u00fcllen Sie das untenstehende Formular aus oder rufen Sie uns an<\/p>\n","protected":false},"author":3,"featured_media":1825,"parent":0,"menu_order":0,"comment_status":"closed","ping_status":"closed","template":"","meta":{"footnotes":""},"class_list":["post-393","page","type-page","status-publish","has-post-thumbnail","hentry"],"yoast_head":"<!-- This site is optimized with the Yoast SEO plugin v27.3 - https:\/\/yoast.com\/product\/yoast-seo-wordpress\/ -->\n<title>Kontakt - Lisa Guggenberger ELG Horses<\/title>\n<meta name=\"description\" content=\"Wenden Sie sich einfach an Lisa Guggenberger bez\u00fcglich des Pferdeverkaufs oder der M\u00f6glichkeit, Ihr Pferd auszubilden.\" \/>\n<meta name=\"robots\" content=\"index, follow, max-snippet:-1, max-image-preview:large, max-video-preview:-1\" \/>\n<link rel=\"canonical\" href=\"https:\/\/elg-horses.com\/de\/kontact\/\" \/>\n<meta property=\"og:locale\" content=\"de_DE\" \/>\n<meta property=\"og:type\" content=\"article\" \/>\n<meta property=\"og:title\" content=\"Kontakt - Lisa Guggenberger ELG Horses\" \/>\n<meta property=\"og:description\" content=\"Wenden Sie sich einfach an Lisa Guggenberger bez\u00fcglich des Pferdeverkaufs oder der M\u00f6glichkeit, Ihr Pferd auszubilden.\" \/>\n<meta property=\"og:url\" content=\"https:\/\/elg-horses.com\/de\/kontact\/\" \/>\n<meta property=\"og:site_name\" content=\"ELG Horses\" \/>\n<meta property=\"article:publisher\" content=\"https:\/\/www.facebook.com\/profile.php?id=100063958247000\" \/>\n<meta property=\"article:modified_time\" content=\"2025-09-14T11:36:48+00:00\" \/>\n<meta property=\"og:image\" content=\"https:\/\/elg-horses.com\/wp-content\/uploads\/2025\/04\/Zeichenflaeche-1.png\" \/>\n\t<meta property=\"og:image:width\" content=\"341\" \/>\n\t<meta property=\"og:image:height\" content=\"450\" \/>\n\t<meta property=\"og:image:type\" content=\"image\/png\" \/>\n<meta name=\"twitter:card\" content=\"summary_large_image\" \/>\n<meta name=\"twitter:label1\" content=\"Gesch\u00e4tzte Lesezeit\" \/>\n\t<meta name=\"twitter:data1\" content=\"1 minute\" \/>\n<script type=\"application\/ld+json\" class=\"yoast-schema-graph\">{\"@context\":\"https:\\\/\\\/schema.org\",\"@graph\":[{\"@type\":\"WebPage\",\"@id\":\"https:\\\/\\\/elg-horses.com\\\/de\\\/kontact\\\/\",\"url\":\"https:\\\/\\\/elg-horses.com\\\/de\\\/kontact\\\/\",\"name\":\"Kontakt - Lisa Guggenberger ELG Horses\",\"isPartOf\":{\"@id\":\"https:\\\/\\\/elg-horses.com\\\/de\\\/#website\"},\"primaryImageOfPage\":{\"@id\":\"https:\\\/\\\/elg-horses.com\\\/de\\\/kontact\\\/#primaryimage\"},\"image\":{\"@id\":\"https:\\\/\\\/elg-horses.com\\\/de\\\/kontact\\\/#primaryimage\"},\"thumbnailUrl\":\"https:\\\/\\\/elg-horses.com\\\/wp-content\\\/uploads\\\/2025\\\/04\\\/Zeichenflaeche-1.png\",\"datePublished\":\"2025-06-24T19:02:00+00:00\",\"dateModified\":\"2025-09-14T11:36:48+00:00\",\"description\":\"Wenden Sie sich einfach an Lisa Guggenberger bez\u00fcglich des Pferdeverkaufs oder der M\u00f6glichkeit, Ihr Pferd auszubilden.\",\"breadcrumb\":{\"@id\":\"https:\\\/\\\/elg-horses.com\\\/de\\\/kontact\\\/#breadcrumb\"},\"inLanguage\":\"de-DE\",\"potentialAction\":[{\"@type\":\"ReadAction\",\"target\":[\"https:\\\/\\\/elg-horses.com\\\/de\\\/kontact\\\/\"]}]},{\"@type\":\"ImageObject\",\"inLanguage\":\"de-DE\",\"@id\":\"https:\\\/\\\/elg-horses.com\\\/de\\\/kontact\\\/#primaryimage\",\"url\":\"https:\\\/\\\/elg-horses.com\\\/wp-content\\\/uploads\\\/2025\\\/04\\\/Zeichenflaeche-1.png\",\"contentUrl\":\"https:\\\/\\\/elg-horses.com\\\/wp-content\\\/uploads\\\/2025\\\/04\\\/Zeichenflaeche-1.png\",\"width\":341,\"height\":450},{\"@type\":\"BreadcrumbList\",\"@id\":\"https:\\\/\\\/elg-horses.com\\\/de\\\/kontact\\\/#breadcrumb\",\"itemListElement\":[{\"@type\":\"ListItem\",\"position\":1,\"name\":\"Home\",\"item\":\"https:\\\/\\\/elg-horses.com\\\/de\\\/home\\\/\"},{\"@type\":\"ListItem\",\"position\":2,\"name\":\"Kontakt\"}]},{\"@type\":\"WebSite\",\"@id\":\"https:\\\/\\\/elg-horses.com\\\/de\\\/#website\",\"url\":\"https:\\\/\\\/elg-horses.com\\\/de\\\/\",\"name\":\"ELG Horses\",\"description\":\"Quality is what matters\",\"publisher\":{\"@id\":\"https:\\\/\\\/elg-horses.com\\\/de\\\/#organization\"},\"potentialAction\":[{\"@type\":\"SearchAction\",\"target\":{\"@type\":\"EntryPoint\",\"urlTemplate\":\"https:\\\/\\\/elg-horses.com\\\/de\\\/?s={search_term_string}\"},\"query-input\":{\"@type\":\"PropertyValueSpecification\",\"valueRequired\":true,\"valueName\":\"search_term_string\"}}],\"inLanguage\":\"de-DE\"},{\"@type\":\"Organization\",\"@id\":\"https:\\\/\\\/elg-horses.com\\\/de\\\/#organization\",\"name\":\"ELG Horses\",\"url\":\"https:\\\/\\\/elg-horses.com\\\/de\\\/\",\"logo\":{\"@type\":\"ImageObject\",\"inLanguage\":\"de-DE\",\"@id\":\"https:\\\/\\\/elg-horses.com\\\/de\\\/#\\\/schema\\\/logo\\\/image\\\/\",\"url\":\"https:\\\/\\\/elg-horses.com\\\/wp-content\\\/uploads\\\/2022\\\/11\\\/Logo-ELG-Horses.png\",\"contentUrl\":\"https:\\\/\\\/elg-horses.com\\\/wp-content\\\/uploads\\\/2022\\\/11\\\/Logo-ELG-Horses.png\",\"width\":284,\"height\":246,\"caption\":\"ELG Horses\"},\"image\":{\"@id\":\"https:\\\/\\\/elg-horses.com\\\/de\\\/#\\\/schema\\\/logo\\\/image\\\/\"},\"sameAs\":[\"https:\\\/\\\/www.facebook.com\\\/profile.php?id=100063958247000\"]}]}<\/script>\n<!-- \/ Yoast SEO plugin. -->","yoast_head_json":{"title":"Kontakt - Lisa Guggenberger ELG Horses","description":"Wenden Sie sich einfach an Lisa Guggenberger bez\u00fcglich des Pferdeverkaufs oder der M\u00f6glichkeit, Ihr Pferd auszubilden.","robots":{"index":"index","follow":"follow","max-snippet":"max-snippet:-1","max-image-preview":"max-image-preview:large","max-video-preview":"max-video-preview:-1"},"canonical":"https:\/\/elg-horses.com\/de\/kontact\/","og_locale":"de_DE","og_type":"article","og_title":"Kontakt - Lisa Guggenberger ELG Horses","og_description":"Wenden Sie sich einfach an Lisa Guggenberger bez\u00fcglich des Pferdeverkaufs oder der M\u00f6glichkeit, Ihr Pferd auszubilden.","og_url":"https:\/\/elg-horses.com\/de\/kontact\/","og_site_name":"ELG Horses","article_publisher":"https:\/\/www.facebook.com\/profile.php?id=100063958247000","article_modified_time":"2025-09-14T11:36:48+00:00","og_image":[{"width":341,"height":450,"url":"https:\/\/elg-horses.com\/wp-content\/uploads\/2025\/04\/Zeichenflaeche-1.png","type":"image\/png"}],"twitter_card":"summary_large_image","twitter_misc":{"Gesch\u00e4tzte Lesezeit":"1 minute"},"schema":{"@context":"https:\/\/schema.org","@graph":[{"@type":"WebPage","@id":"https:\/\/elg-horses.com\/de\/kontact\/","url":"https:\/\/elg-horses.com\/de\/kontact\/","name":"Kontakt - Lisa Guggenberger ELG Horses","isPartOf":{"@id":"https:\/\/elg-horses.com\/de\/#website"},"primaryImageOfPage":{"@id":"https:\/\/elg-horses.com\/de\/kontact\/#primaryimage"},"image":{"@id":"https:\/\/elg-horses.com\/de\/kontact\/#primaryimage"},"thumbnailUrl":"https:\/\/elg-horses.com\/wp-content\/uploads\/2025\/04\/Zeichenflaeche-1.png","datePublished":"2025-06-24T19:02:00+00:00","dateModified":"2025-09-14T11:36:48+00:00","description":"Wenden Sie sich einfach an Lisa Guggenberger bez\u00fcglich des Pferdeverkaufs oder der M\u00f6glichkeit, Ihr Pferd auszubilden.","breadcrumb":{"@id":"https:\/\/elg-horses.com\/de\/kontact\/#breadcrumb"},"inLanguage":"de-DE","potentialAction":[{"@type":"ReadAction","target":["https:\/\/elg-horses.com\/de\/kontact\/"]}]},{"@type":"ImageObject","inLanguage":"de-DE","@id":"https:\/\/elg-horses.com\/de\/kontact\/#primaryimage","url":"https:\/\/elg-horses.com\/wp-content\/uploads\/2025\/04\/Zeichenflaeche-1.png","contentUrl":"https:\/\/elg-horses.com\/wp-content\/uploads\/2025\/04\/Zeichenflaeche-1.png","width":341,"height":450},{"@type":"BreadcrumbList","@id":"https:\/\/elg-horses.com\/de\/kontact\/#breadcrumb","itemListElement":[{"@type":"ListItem","position":1,"name":"Home","item":"https:\/\/elg-horses.com\/de\/home\/"},{"@type":"ListItem","position":2,"name":"Kontakt"}]},{"@type":"WebSite","@id":"https:\/\/elg-horses.com\/de\/#website","url":"https:\/\/elg-horses.com\/de\/","name":"ELG Horses","description":"Quality is what matters","publisher":{"@id":"https:\/\/elg-horses.com\/de\/#organization"},"potentialAction":[{"@type":"SearchAction","target":{"@type":"EntryPoint","urlTemplate":"https:\/\/elg-horses.com\/de\/?s={search_term_string}"},"query-input":{"@type":"PropertyValueSpecification","valueRequired":true,"valueName":"search_term_string"}}],"inLanguage":"de-DE"},{"@type":"Organization","@id":"https:\/\/elg-horses.com\/de\/#organization","name":"ELG Horses","url":"https:\/\/elg-horses.com\/de\/","logo":{"@type":"ImageObject","inLanguage":"de-DE","@id":"https:\/\/elg-horses.com\/de\/#\/schema\/logo\/image\/","url":"https:\/\/elg-horses.com\/wp-content\/uploads\/2022\/11\/Logo-ELG-Horses.png","contentUrl":"https:\/\/elg-horses.com\/wp-content\/uploads\/2022\/11\/Logo-ELG-Horses.png","width":284,"height":246,"caption":"ELG Horses"},"image":{"@id":"https:\/\/elg-horses.com\/de\/#\/schema\/logo\/image\/"},"sameAs":["https:\/\/www.facebook.com\/profile.php?id=100063958247000"]}]}},"_links":{"self":[{"href":"https:\/\/elg-horses.com\/de\/wp-json\/wp\/v2\/pages\/393","targetHints":{"allow":["GET"]}}],"collection":[{"href":"https:\/\/elg-horses.com\/de\/wp-json\/wp\/v2\/pages"}],"about":[{"href":"https:\/\/elg-horses.com\/de\/wp-json\/wp\/v2\/types\/page"}],"author":[{"embeddable":true,"href":"https:\/\/elg-horses.com\/de\/wp-json\/wp\/v2\/users\/3"}],"replies":[{"embeddable":true,"href":"https:\/\/elg-horses.com\/de\/wp-json\/wp\/v2\/comments?post=393"}],"version-history":[{"count":0,"href":"https:\/\/elg-horses.com\/de\/wp-json\/wp\/v2\/pages\/393\/revisions"}],"wp:featuredmedia":[{"embeddable":true,"href":"https:\/\/elg-horses.com\/de\/wp-json\/wp\/v2\/media\/1825"}],"wp:attachment":[{"href":"https:\/\/elg-horses.com\/de\/wp-json\/wp\/v2\/media?parent=393"}],"curies":[{"name":"wp","href":"https:\/\/api.w.org\/{rel}","templated":true}]}}